{"id":1638,"date":"2025-02-08T19:27:58","date_gmt":"2025-02-08T19:27:58","guid":{"rendered":"http:\/\/eldirectoriousa.com\/?page_id=1638"},"modified":"2025-03-25T15:39:42","modified_gmt":"2025-03-25T15:39:42","slug":"nuestro-equipo-3","status":"publish","type":"page","link":"https:\/\/eldirectoriousa.com\/home-2\/nuestro-equipo-3\/","title":{"rendered":"NUESTRO EQUIPO"},"content":{"rendered":"<div class=\"flex_column av_one_half  flex_column_div first  avia-builder-el-0  el_before_av_one_half  avia-builder-el-first  \" style='padding:0px 0 0px 10% ; border-radius:0px; '><p><div  style='padding-bottom:10px; ' class='av-special-heading av-special-heading-h3  blockquote modern-quote  avia-builder-el-1  el_before_av_image  avia-builder-el-first  '><h3 class='av-special-heading-tag '  itemprop=\"headline\"  >Fundadora<\/h3><div class='special-heading-border'><div class='special-heading-inner-border' ><\/div><\/div><\/div><br \/>\n<div  class='avia-image-container  av-styling-    avia-builder-el-2  el_after_av_heading  el_before_av_heading  avia-align-left '  itemprop=\"image\" itemscope=\"itemscope\" itemtype=\"https:\/\/schema.org\/ImageObject\"  ><div class='avia-image-container-inner'><div class='avia-image-overlay-wrap'><img decoding=\"async\" class='wp-image-260 avia-img-lazy-loading-not-260 avia_image' src=\"https:\/\/i0.wp.com\/eldirectoriousa.com\/wp-content\/uploads\/2021\/01\/fm_74_Carmen-166x199-1.gif?fit=166%2C199&ssl=1\" alt='' title='fm_74_Carmen-166x199' height=\"199\" width=\"166\"  itemprop=\"thumbnailUrl\"  \/><\/div><\/div><\/div><br \/>\n<div  style='padding-bottom:10px; margin:25 0 0 0; ' class='av-special-heading av-special-heading-h4  blockquote modern-quote  avia-builder-el-3  el_after_av_image  el_before_av_textblock  '><h4 class='av-special-heading-tag '  itemprop=\"headline\"  >Carmen D\u00edaz Fabian<\/h4><div class='special-heading-border'><div class='special-heading-inner-border' ><\/div><\/div><\/div><br \/>\n<section class=\"av_textblock_section \"  itemscope=\"itemscope\" itemtype=\"https:\/\/schema.org\/CreativeWork\" ><div class='avia_textblock  '   itemprop=\"text\" ><p style=\"text-align: left;\">Como fundadora de El Directorio Hispano USA Inc., Carmen D\u00edaz-Fabi\u00e1n, nativa de Puerto Rico, se traslad\u00f3 al condado de Broward en 1981 y dos a\u00f1os m\u00e1s tarde comenz\u00f3 a publicar El Heraldo de Broward y despu\u00e9s El Noticiero, ambos peri\u00f3dicos quincenales al servicio de la comunidad hispana local.<\/p>\n<p>En 1986 la Sra. D\u00edaz-Fabi\u00e1n tuvo la visi\u00f3n que la comunidad hispana ten\u00eda la necesidad de encontrar los servicios y negocios donde hablaran su mismo idioma, por lo que se dio a la tarea de crear un v\u00ednculo entre empresarios y la creciente poblaci\u00f3n hispanohablante en el sur de la Florida, y desde entonces comenz\u00f3 a publicar El Directorio Hispano USA., Inc.<\/p>\n<p>Fue tanta la aceptaci\u00f3n, que posteriormente tuvo que vender sus otras dos publicaciones para solamente enfocarse en las nacientes P\u00e1ginas Amarillas en Espa\u00f1ol, lo que contribuy\u00f3 al crecimiento de El Directorio Hispano ampliando su cobertura no solo en el condado de Broward, tambi\u00e9n en los condados Collier, Lee, Palm Beach y Costa del Tesoro.<\/p>\n<p>Con su partida la Sra. Carmen Diaz-Fabi\u00e1n ha dejado un legado imborrable en todos los que tuvieron la oportunidad de conocerla, porque gracias a su visi\u00f3n del futuro, su esfuerzo y su calidad humana, nos sentimos honrados de que sea considerada la Presidenta Honoraria de El Directorio Hispano USA, Inc.<\/p>\n<\/div><\/section><\/p><\/div>\n<div class=\"flex_column av_one_half  flex_column_div   avia-builder-el-5  el_after_av_one_half  el_before_av_one_full  \" style='padding:0px 10% 0px 0px ; border-radius:0px; '><p><div  style='padding-bottom:10px; ' class='av-special-heading av-special-heading-h3  blockquote modern-quote  avia-builder-el-6  el_before_av_image  avia-builder-el-first  '><h3 class='av-special-heading-tag '  itemprop=\"headline\"  >Directora Ejecutiva<\/h3><div class='special-heading-border'><div class='special-heading-inner-border' ><\/div><\/div><\/div><br \/>\n<div  class='avia-image-container  av-styling-    avia-builder-el-7  el_after_av_heading  el_before_av_heading  avia-align-left '  itemprop=\"image\" itemscope=\"itemscope\" itemtype=\"https:\/\/schema.org\/ImageObject\"  ><div class='avia-image-container-inner'><div class='avia-image-overlay-wrap'><img decoding=\"async\" class='wp-image-278 avia-img-lazy-loading-not-278 avia_image' src=\"https:\/\/i0.wp.com\/eldirectoriousa.com\/wp-content\/uploads\/2021\/01\/fm_644_Miriam-166x199-1.jpg?fit=166%2C199&ssl=1\" alt='' title='fm_644_Miriam 166x199' height=\"199\" width=\"166\"  itemprop=\"thumbnailUrl\" srcset=\"https:\/\/i0.wp.com\/eldirectoriousa.com\/wp-content\/uploads\/2021\/01\/fm_644_Miriam-166x199-1.jpg?w=166&amp;ssl=1 166w, https:\/\/i0.wp.com\/eldirectoriousa.com\/wp-content\/uploads\/2021\/01\/fm_644_Miriam-166x199-1.jpg?resize=150%2C180&amp;ssl=1 150w\" sizes=\"(max-width: 166px) 100vw, 166px\" \/><\/div><\/div><\/div><br \/>\n<div  style='padding-bottom:10px; margin:25 0 0 0; ' class='av-special-heading av-special-heading-h5  blockquote modern-quote  avia-builder-el-8  el_after_av_image  el_before_av_textblock  '><h5 class='av-special-heading-tag '  itemprop=\"headline\"  >Miriam Rodr\u00edguez<\/h5><div class='special-heading-border'><div class='special-heading-inner-border' ><\/div><\/div><\/div><br \/>\n<section class=\"av_textblock_section \"  itemscope=\"itemscope\" itemtype=\"https:\/\/schema.org\/CreativeWork\" ><div class='avia_textblock  '   itemprop=\"text\" ><p>Miriam Rodr\u00edguez, natural de Cuba, graduada de Contabilidad y Artes Gr\u00e1ficas. Desde que lleg\u00f3 a Estados Unidos comenz\u00f3 a trabajar como representante de ventas de publicidad para el Semanario Acci\u00f3n ininterrumpidamente, d\u00f3nde est\u00e1 cumpliendo m\u00e1s de 20 a\u00f1os y desde el 2002 comenz\u00f3 en el El Directorio Hispano USA, Inc., dando inicio a la apertura de El Directorio del Condado Palm Beach, brindando gran cari\u00f1o y todo su apoyo al mismo.<\/p>\n<p>Por su tenacidad, profesionalismo y esfuerzo ha llegado a ser la Directora Ejecutiva de nuestro Directorio Hispano USA, Inc. Su prestigio y buena reputaci\u00f3n dentro del campo de las ventas junto a su gran carisma para tratar con los clientes ha contribuido en gran manera a que todos se encuentren satisfechos con el resultado de El Directorio Hispano.<\/p>\n<p>\u00bfQuiere comprobarlo? Pues llame ahora mismo al (561) 502-3743 y lo atender\u00e1 a la mayor brevedad posible.<\/p>\n<\/div><\/section><\/p><\/div><div class=\"flex_column av_one_full  flex_column_div av-zero-column-padding first  avia-builder-el-10  el_after_av_one_half  el_before_av_one_half  column-top-margin\" style='border-radius:0px; '><p><div  style=' margin-top:; margin-bottom:50px;'  class='hr hr-custom hr-center hr-icon-no   avia-builder-el-11  el_before_av_heading  avia-builder-el-first '><span class='hr-inner  inner-border-av-border-thin' style=' width:100%;' ><span class='hr-inner-style'><\/span><\/span><\/div><br \/>\n<div  style='padding-bottom:10px; color:#ffffff;' class='av-special-heading av-special-heading-h2 custom-color-heading blockquote modern-quote modern-centered  avia-builder-el-12  el_after_av_hr  avia-builder-el-last  '><h2 class='av-special-heading-tag '  itemprop=\"headline\"  >EQUIPO DE VENTAS<\/h2><div class='special-heading-border'><div class='special-heading-inner-border' style='border-color:#ffffff'><\/div><\/div><\/div><\/p><\/div><\/p>\n<div class=\"flex_column av_one_half  flex_column_div av-zero-column-padding first  avia-builder-el-13  el_after_av_one_full  el_before_av_one_half  column-top-margin\" style='border-radius:0px; '><p><div  style='padding-bottom:10px; ' class='av-special-heading av-special-heading-h5  blockquote modern-quote modern-centered  avia-builder-el-14  el_before_av_image  avia-builder-el-first  '><h5 class='av-special-heading-tag '  itemprop=\"headline\"  >EJECUTIVA DE VENTAS<\/h5><div class='special-heading-border'><div class='special-heading-inner-border' ><\/div><\/div><\/div><br \/>\n<div  class='avia-image-container  av-styling-    avia-builder-el-15  el_after_av_heading  el_before_av_heading  avia-align-center '  itemprop=\"image\" itemscope=\"itemscope\" itemtype=\"https:\/\/schema.org\/ImageObject\"  ><div class='avia-image-container-inner'><div class='avia-image-overlay-wrap'><img decoding=\"async\" class='wp-image-301 avia-img-lazy-loading-not-301 avia_image' src=\"https:\/\/i0.wp.com\/eldirectoriousa.com\/wp-content\/uploads\/2021\/01\/fm_308_Judith_166x199.jpg?fit=166%2C199&ssl=1\" alt='' title='fm_308_Judith_166x199' height=\"199\" width=\"166\"  itemprop=\"thumbnailUrl\" srcset=\"https:\/\/i0.wp.com\/eldirectoriousa.com\/wp-content\/uploads\/2021\/01\/fm_308_Judith_166x199.jpg?w=166&amp;ssl=1 166w, https:\/\/i0.wp.com\/eldirectoriousa.com\/wp-content\/uploads\/2021\/01\/fm_308_Judith_166x199.jpg?resize=150%2C180&amp;ssl=1 150w\" sizes=\"(max-width: 166px) 100vw, 166px\" \/><\/div><\/div><\/div><br \/>\n<div  style='padding-bottom:10px; ' class='av-special-heading av-special-heading-h5  blockquote modern-quote modern-centered  avia-builder-el-16  el_after_av_image  avia-builder-el-last  '><h5 class='av-special-heading-tag '  itemprop=\"headline\"  >Judith Crocker<\/h5><div class='special-heading-border'><div class='special-heading-inner-border' ><\/div><\/div><\/div><\/p><\/div>\n<div class=\"flex_column av_one_half  flex_column_div av-zero-column-padding   avia-builder-el-17  el_after_av_one_half  el_before_av_hr  column-top-margin\" style='border-radius:0px; '><p><div  style='padding-bottom:10px; ' class='av-special-heading av-special-heading-h5  blockquote modern-quote modern-centered  avia-builder-el-18  el_before_av_image  avia-builder-el-first  '><h5 class='av-special-heading-tag '  itemprop=\"headline\"  >EJECUTIVA DE VENTAS<\/h5><div class='special-heading-border'><div class='special-heading-inner-border' ><\/div><\/div><\/div><br \/>\n<div  class='avia-image-container  av-styling-    avia-builder-el-19  el_after_av_heading  el_before_av_heading  avia-align-center '  itemprop=\"image\" itemscope=\"itemscope\" itemtype=\"https:\/\/schema.org\/ImageObject\"  ><div class='avia-image-container-inner'><div class='avia-image-overlay-wrap'><img decoding=\"async\" class='wp-image-309 avia-img-lazy-loading-not-309 avia_image' src=\"https:\/\/i0.wp.com\/eldirectoriousa.com\/wp-content\/uploads\/2021\/01\/fm_76_Silvia-Internet.jpg?fit=166%2C199&ssl=1\" alt='' title='fm_76_Silvia Internet' height=\"199\" width=\"166\"  itemprop=\"thumbnailUrl\" srcset=\"https:\/\/i0.wp.com\/eldirectoriousa.com\/wp-content\/uploads\/2021\/01\/fm_76_Silvia-Internet.jpg?w=166&amp;ssl=1 166w, https:\/\/i0.wp.com\/eldirectoriousa.com\/wp-content\/uploads\/2021\/01\/fm_76_Silvia-Internet.jpg?resize=150%2C180&amp;ssl=1 150w\" sizes=\"(max-width: 166px) 100vw, 166px\" \/><\/div><\/div><\/div><br \/>\n<div  style='padding-bottom:10px; ' class='av-special-heading av-special-heading-h5  blockquote modern-quote modern-centered  avia-builder-el-20  el_after_av_image  avia-builder-el-last  '><h5 class='av-special-heading-tag '  itemprop=\"headline\"  >Silvia Gonzalez<\/h5><div class='special-heading-border'><div class='special-heading-inner-border' ><\/div><\/div><\/div><\/p><\/div>\n<div  style=' margin-top:50px; margin-bottom:;'  class='hr hr-custom hr-center hr-icon-no   avia-builder-el-21  el_after_av_one_half  avia-builder-el-last '><span class='hr-inner  inner-border-av-border-thin' style=' width:100%;' ><span class='hr-inner-style'><\/span><\/span><\/div>\n","protected":false},"excerpt":{"rendered":"","protected":false},"author":3,"featured_media":0,"parent":0,"menu_order":0,"comment_status":"closed","ping_status":"closed","template":"","meta":{"nf_dc_page":"","footnotes":""},"class_list":["post-1638","page","type-page","status-publish","hentry"],"jetpack_sharing_enabled":true,"_links":{"self":[{"href":"https:\/\/eldirectoriousa.com\/home-2\/wp-json\/wp\/v2\/pages\/1638","targetHints":{"allow":["GET"]}}],"collection":[{"href":"https:\/\/eldirectoriousa.com\/home-2\/wp-json\/wp\/v2\/pages"}],"about":[{"href":"https:\/\/eldirectoriousa.com\/home-2\/wp-json\/wp\/v2\/types\/page"}],"author":[{"embeddable":true,"href":"https:\/\/eldirectoriousa.com\/home-2\/wp-json\/wp\/v2\/users\/3"}],"replies":[{"embeddable":true,"href":"https:\/\/eldirectoriousa.com\/home-2\/wp-json\/wp\/v2\/comments?post=1638"}],"version-history":[{"count":5,"href":"https:\/\/eldirectoriousa.com\/home-2\/wp-json\/wp\/v2\/pages\/1638\/revisions"}],"predecessor-version":[{"id":3026,"href":"https:\/\/eldirectoriousa.com\/home-2\/wp-json\/wp\/v2\/pages\/1638\/revisions\/3026"}],"wp:attachment":[{"href":"https:\/\/eldirectoriousa.com\/home-2\/wp-json\/wp\/v2\/media?parent=1638"}],"curies":[{"name":"wp","href":"https:\/\/api.w.org\/{rel}","templated":true}]}}