{"id":38,"date":"2020-12-03T01:43:51","date_gmt":"2020-12-03T01:43:51","guid":{"rendered":"http:\/\/eldirectoriousa.com\/about-us\/"},"modified":"2026-02-12T00:10:51","modified_gmt":"2026-02-12T00:10:51","slug":"quienes-somos","status":"publish","type":"page","link":"https:\/\/eldirectoriousa.com\/home-2\/quienes-somos\/","title":{"rendered":"Quienes Somos"},"content":{"rendered":"<section class=\"av_textblock_section \"  itemscope=\"itemscope\" itemtype=\"https:\/\/schema.org\/CreativeWork\" ><div class='avia_textblock  '   itemprop=\"text\" ><p>El Directorio Hispano USA, Inc., fue fundado en 1986, creando el mercado de las P\u00e1ginas Amarillas en Espa\u00f1ol en el Sur de la Florida, representando una excelente oportunidad para conquistar el mercado hispano hablante al contribuir con todos los comerciantes y profesionales d\u00e1ndoles a conocer por todo el a\u00f1o.<br \/>\nDesde entonces, por m\u00e1s de tres d\u00e9cadas ayudamos a los negocios a alcanzar el importante mercado de m\u00e1s r\u00e1pido crecimiento en la Florida, en los condados Broward, Collier, Lee, Palm Beach y Costa del Tesoro. Logrando una excelente reputaci\u00f3n por nuestro trabajo, calidad, y distribuci\u00f3n garantizada.<\/p>\n<p>Adem\u00e1s ofrecemos los servicios completos de publicidad, al asistirle con sus anuncios en Espa\u00f1ol impresos, y publicidad en l\u00ednea para ayudar a nuestros clientes a obtener el m\u00e1ximo resultado por su dinero.<br \/>\nTenemos el orgullo de ofrecer un trato personal para cada cliente, no importa qu\u00e9 tan grande o peque\u00f1o sea su presupuesto de publicidad, asegurando el \u00e9xito de su inversi\u00f3n. Nuestra experiencia y miles de clientes satisfechos son nuestra mejor recomendaci\u00f3n.<br \/>\nEn la primera oportunidad comun\u00edquese con nosotros para mostrarle las diferentes opciones que ofrecemos.<br \/>\nTrabajando todo el a\u00f1o para nuestros clientes. De hispanos para hispanos.<\/p>\n<\/div><\/section>\n","protected":false},"excerpt":{"rendered":"","protected":false},"author":1,"featured_media":0,"parent":0,"menu_order":0,"comment_status":"closed","ping_status":"closed","template":"","meta":{"nf_dc_page":"","footnotes":""},"class_list":["post-38","page","type-page","status-publish","hentry"],"jetpack_sharing_enabled":true,"_links":{"self":[{"href":"https:\/\/eldirectoriousa.com\/home-2\/wp-json\/wp\/v2\/pages\/38","targetHints":{"allow":["GET"]}}],"collection":[{"href":"https:\/\/eldirectoriousa.com\/home-2\/wp-json\/wp\/v2\/pages"}],"about":[{"href":"https:\/\/eldirectoriousa.com\/home-2\/wp-json\/wp\/v2\/types\/page"}],"author":[{"embeddable":true,"href":"https:\/\/eldirectoriousa.com\/home-2\/wp-json\/wp\/v2\/users\/1"}],"replies":[{"embeddable":true,"href":"https:\/\/eldirectoriousa.com\/home-2\/wp-json\/wp\/v2\/comments?post=38"}],"version-history":[{"count":5,"href":"https:\/\/eldirectoriousa.com\/home-2\/wp-json\/wp\/v2\/pages\/38\/revisions"}],"predecessor-version":[{"id":3332,"href":"https:\/\/eldirectoriousa.com\/home-2\/wp-json\/wp\/v2\/pages\/38\/revisions\/3332"}],"wp:attachment":[{"href":"https:\/\/eldirectoriousa.com\/home-2\/wp-json\/wp\/v2\/media?parent=38"}],"curies":[{"name":"wp","href":"https:\/\/api.w.org\/{rel}","templated":true}]}}