{"id":897,"date":"2021-01-24T20:43:11","date_gmt":"2021-01-24T20:43:11","guid":{"rendered":"http:\/\/eldirectoriousa.com\/?page_id=897"},"modified":"2026-02-12T00:08:22","modified_gmt":"2026-02-12T00:08:22","slug":"beneficios","status":"publish","type":"page","link":"https:\/\/eldirectoriousa.com\/home-2\/beneficios\/","title":{"rendered":"Beneficios"},"content":{"rendered":"<div class=\"flex_column av_one_full  flex_column_div av-zero-column-padding first  avia-builder-el-0  avia-builder-el-no-sibling  \" style='border-radius:0px; '><section class=\"av_textblock_section \"  itemscope=\"itemscope\" itemtype=\"https:\/\/schema.org\/CreativeWork\" ><div class='avia_textblock  '   itemprop=\"text\" ><p> Un estudio realizado por &#8220;LOCAL SEARCH ASSOCIATION&#8221; encontr\u00f3 que las p\u00e1ginas amarillas impresa y enl\u00ednea es la principal fuente de publicidad preferida por los consumidores hispanos. El studio tambi\u00e9n reflej\u00e1 que:<\/p>\n<ul>\n<li>El poder adquisitivo hispano se proyecta en alcanzar m\u00e1s de $ 1.5 billones de d\u00f3lares para este a\u00f1o.<\/li>\n<li>Hay aproximadamente 54 millones de hispanos en los Estados Unidos, que los convierte en la minor\u00eda \u00e9tnica o racial m\u00e1s grande de esta naci\u00f3n.<\/li>\n<li>P\u00e1ginas amarillas en espa\u00f1ol IMPRESAS y ENLINEA son la fuente preferida por hispanos para buscar negocios y\/o servicios.<\/li>\n<li>Anuncios en espa\u00f1ol son 57% m\u00e1s efectivos para transmitir su mensaje, que los anuncios en ingl\u00e9s.<\/li>\n<li>P\u00e1ginas amarillas en espa\u00f1ol son un veh\u00edculo necesario y apreciado por la comunidad hispana.<\/li>\n<\/ul>\n<p>Podemos ayudarle a alcanzar esta poblaci\u00f3n de r\u00e1pido crecimiento anunciandose con nosotros hacienda un clic en el bot\u00f3n &#8220;Anunciarte con Nosotros&#8221; en la p\u00e1gina principal; ll\u00e1menos al 561-255-9037 o env\u00edenos un correo electr\u00f3nico sales@eldirectoriousa.com. El Directorio Hispano EE.UU. produce beneficios. <\/p>\n<\/div><\/section><\/div>\n","protected":false},"excerpt":{"rendered":"","protected":false},"author":1,"featured_media":0,"parent":0,"menu_order":0,"comment_status":"closed","ping_status":"closed","template":"","meta":{"nf_dc_page":"","footnotes":""},"class_list":["post-897","page","type-page","status-publish","hentry"],"jetpack_sharing_enabled":true,"_links":{"self":[{"href":"https:\/\/eldirectoriousa.com\/home-2\/wp-json\/wp\/v2\/pages\/897","targetHints":{"allow":["GET"]}}],"collection":[{"href":"https:\/\/eldirectoriousa.com\/home-2\/wp-json\/wp\/v2\/pages"}],"about":[{"href":"https:\/\/eldirectoriousa.com\/home-2\/wp-json\/wp\/v2\/types\/page"}],"author":[{"embeddable":true,"href":"https:\/\/eldirectoriousa.com\/home-2\/wp-json\/wp\/v2\/users\/1"}],"replies":[{"embeddable":true,"href":"https:\/\/eldirectoriousa.com\/home-2\/wp-json\/wp\/v2\/comments?post=897"}],"version-history":[{"count":5,"href":"https:\/\/eldirectoriousa.com\/home-2\/wp-json\/wp\/v2\/pages\/897\/revisions"}],"predecessor-version":[{"id":3329,"href":"https:\/\/eldirectoriousa.com\/home-2\/wp-json\/wp\/v2\/pages\/897\/revisions\/3329"}],"wp:attachment":[{"href":"https:\/\/eldirectoriousa.com\/home-2\/wp-json\/wp\/v2\/media?parent=897"}],"curies":[{"name":"wp","href":"https:\/\/api.w.org\/{rel}","templated":true}]}}